{"id":124,"date":"2022-02-09T09:45:40","date_gmt":"2022-02-09T09:45:40","guid":{"rendered":"https:\/\/hesperapdikt.lu\/?page_id=124"},"modified":"2022-02-09T10:23:01","modified_gmt":"2022-02-09T10:23:01","slug":"124-2","status":"publish","type":"page","link":"https:\/\/hesperapdikt.lu\/?page_id=124","title":{"rendered":"mentions legales"},"content":{"rendered":"\n\n\t\t<h3>\n\t\t\tConcepteur du Site internet\n\t\t<\/h3>\n\t\t\t<p>Ce site est \u00e9dit\u00e9 par CBC Informatique, soci\u00e9t\u00e9 anonyme au capital de 1 236 000 \u20ac, immatricul\u00e9e au registre du commerce et des soci\u00e9t\u00e9s\u00a0 sous le num\u00e9ro B 124561, ayant son si\u00e8ge social :<br \/>9 Zone Op Zaemer &#8211; 4959 K\u00e4erjeng &#8211; Luxembourg<br \/>t\u00e9l. : +352 40 06 30 1<br \/>N\u00b0 intra LU : 221 840 52<\/p>\t\t\n\t\t<h3>\n\t\t\tH\u00e9bergeur du site internet\n\t\t<\/h3>\n\t\t\t<p>Ce site est h\u00e9berg\u00e9 par Online, ayant son si\u00e8ge social :<br \/>Online SAS &#8211; BP 438<br \/>75366 Paris CEDEX 08<br \/>RCS Paris B 433 115 904<\/p>\t\t\n\t\t<h3>\n\t\t\tCookies\n\t\t<\/h3>\n\t\t\t<p>Le Site peut collecter automatiquement des informations standards telles que pour am\u00e9liorer votre exp\u00e9rience sur ce site. Toutes les informations collect\u00e9es indirectement ne seront utilis\u00e9es que pour suivre le volume, le type et la configuration du trafic utilisant ce Site, pour en d\u00e9velopper la conception et l&rsquo;agencement et \u00e0 d&rsquo;autres fins administratives et de planification et plus g\u00e9n\u00e9ralement pour am\u00e9liorer le service que nous vous offrons. Vous avez la possibilit\u00e9 de visiter le Site en d\u00e9sactivant cette option dans les param\u00e8tres de votre navigateur.<\/p>\t\t\n\t\t<h3>\n\t\t\tRespect de la propri\u00e9t\u00e9 intellectuelle\n\t\t<\/h3>\n\t\t\t<p>Toutes les marques, photographies, textes, commentaires, illustrations, images anim\u00e9es ou non, s\u00e9quences vid\u00e9o, sons, ainsi que toutes les applications informatiques qui pourraient \u00eatre utilis\u00e9es pour faire fonctionner le Site et plus g\u00e9n\u00e9ralement tous les \u00e9l\u00e9ments reproduits ou utilis\u00e9s sur le Site sont prot\u00e9g\u00e9s par les lois en vigueur au titre de la propri\u00e9t\u00e9 intellectuelle. Ils sont la propri\u00e9t\u00e9 pleine et enti\u00e8re des \u00c9diteurs, ou de leurs partenaires, sauf mentions particuli\u00e8res. A ce titre, toute reproduction, repr\u00e9sentation, adaptation, traduction et\/ou transformation, partielle ou int\u00e9grale, ou transfert sur un autre site ou tout autre support sont interdits.Ce Site respecte le droit d&rsquo;auteur. Toute reproduction, repr\u00e9sentation, utilisation ou adaptation, sous quelque forme que ce soit, de tout ou partie de ces \u00e9l\u00e9ments, y compris les applications informatiques, sans l&rsquo;accord pr\u00e9alable et \u00e9crit des et \u00c9diteurs, ou de leurs partenaires, sont strictement interdites. Le fait pour les \u00c9diteurs de ne pas engager de proc\u00e9dure d\u00e8s la prise de connaissance de ces utilisations non autoris\u00e9es ne vaut pas acceptation desdites utilisations et renonciation aux poursuites.Seule l&rsquo;utilisation pour un usage priv\u00e9 dans un cercle de famille est autoris\u00e9e et toute autre utilisation est constitutive de contrefa\u00e7on et\/ou d&rsquo;atteinte aux droits voisins, sanctionn\u00e9es par Code de la Propri\u00e9t\u00e9 Intellectuelle. La reprise de tout ou partie de ce contenu n\u00e9cessite l&rsquo;autorisation pr\u00e9alable des \u00c9diteurs ou du titulaire des droits sur ce contenu.Les marques figurant sur le Site sont des marques d\u00e9pos\u00e9es. Toute reproduction totale ou partielle de ces marques est prohib\u00e9e.La violation de toutes ces dispositions imp\u00e9ratives soumet le contrevenant, et toutes personnes responsables, aux peines p\u00e9nales et civiles pr\u00e9vues par la loi.<\/p>\t\t\n\t\t<h3>\n\t\t\tLiens hypertextes\n\t\t<\/h3>\n\t\t\t<p>Le Site peut contenir des liens hypertexte donnant acc\u00e8s \u00e0 d&rsquo;autres sites web \u00e9dit\u00e9s et g\u00e9r\u00e9s par des tiers et non par les \u00c9diteurs. Les \u00c9diteurs ne pourront \u00eatre tenus responsables directement ou indirectement dans le cas o\u00f9 lesdits sites tiers ne respecteraient pas les dispositions l\u00e9gales.<\/p>\t\t\n\n","protected":false},"excerpt":{"rendered":"<p>Concepteur du Site internet Ce site est \u00e9dit\u00e9 par CBC Informatique, soci\u00e9t\u00e9 anonyme au capital de 1 236 000 \u20ac, immatricul\u00e9e au registre du commerce et des soci\u00e9t\u00e9s\u00a0 sous le num\u00e9ro B 124561, ayant son si\u00e8ge social :9 Zone Op Zaemer &#8211; 4959 K\u00e4erjeng &#8211; Luxembourgt\u00e9l. : +352 40 06 30 1N\u00b0 intra LU :&hellip;<\/p>\n","protected":false},"author":3,"featured_media":0,"parent":0,"menu_order":0,"comment_status":"closed","ping_status":"closed","template":"","meta":{"footnotes":""},"class_list":["post-124","page","type-page","status-publish","hentry"],"_links":{"self":[{"href":"https:\/\/hesperapdikt.lu\/index.php?rest_route=\/wp\/v2\/pages\/124","targetHints":{"allow":["GET"]}}],"collection":[{"href":"https:\/\/hesperapdikt.lu\/index.php?rest_route=\/wp\/v2\/pages"}],"about":[{"href":"https:\/\/hesperapdikt.lu\/index.php?rest_route=\/wp\/v2\/types\/page"}],"author":[{"embeddable":true,"href":"https:\/\/hesperapdikt.lu\/index.php?rest_route=\/wp\/v2\/users\/3"}],"replies":[{"embeddable":true,"href":"https:\/\/hesperapdikt.lu\/index.php?rest_route=%2Fwp%2Fv2%2Fcomments&post=124"}],"version-history":[{"count":5,"href":"https:\/\/hesperapdikt.lu\/index.php?rest_route=\/wp\/v2\/pages\/124\/revisions"}],"predecessor-version":[{"id":131,"href":"https:\/\/hesperapdikt.lu\/index.php?rest_route=\/wp\/v2\/pages\/124\/revisions\/131"}],"wp:attachment":[{"href":"https:\/\/hesperapdikt.lu\/index.php?rest_route=%2Fwp%2Fv2%2Fmedia&parent=124"}],"curies":[{"name":"wp","href":"https:\/\/api.w.org\/{rel}","templated":true}]}}